{"id":81,"date":"2023-10-20T11:20:35","date_gmt":"2023-10-20T14:20:35","guid":{"rendered":"https:\/\/costabellabrasil.com.br\/?page_id=81"},"modified":"2025-07-16T17:46:44","modified_gmt":"2025-07-16T20:46:44","slug":"apartamento-amplo-no-centro","status":"publish","type":"page","link":"https:\/\/costabellabrasil.com.br\/?page_id=81","title":{"rendered":"Apartamento Amplo no Centro"},"content":{"rendered":"\n<ul class=\"wp-block-list\">\n<li>Centro<\/li>\n\n\n\n<li>393 m\u00b2<\/li>\n\n\n\n<li>R$ 2.750.000<\/li>\n<\/ul>\n\n\n\n<p>Lindo apartamento com vista para avenida arborizada, em localiza\u00e7\u00e3o privilegiada no Centro de Florian\u00f3polis. O Edif\u00edcio com apenas 24 apartamentos \u00e9 revestido em cer\u00e2mica e foi recentemente remodelado e redecorado.<\/p>\n\n\n\n<p>A planta arquitet\u00f4nica do apartamento, com \u00e1rea privativa de 266 m\u00b2, inclui 4 quartos espa\u00e7osos, sendo duas su\u00edtes, 3 banheiros completos, estar \u00edntimo e uma cozinha ampla e aconchegante com mesa para 5pessoas, que d\u00e1 apoio \u00e0 sala de jantar, living e varanda fechada.<\/p>\n\n\n<div class=\"pagwrap\"><div class=\"easycontainer emgclearfix\"><div class=\"rig\"><div style=\"width:160px; height:160px;\" class=\"view da-thumbs\"><div class=\"iehand\"><a class=\"172-60\" rel=\"easymedia[grid]\" href=\"https:\/\/costabellabrasil.com.br\/wp-content\/uploads\/2023\/10\/19.jpg\"><img decoding=\"async\" src=\"https:\/\/costabellabrasil.com.br\/wp-content\/uploads\/2023\/10\/19-160x160.jpg\" alt=\"19\" \/><article class=\"da-animate da-slideFromRight\"><p  class=\"emgfittext\">Living\/Sala de Jantar\/Varanda Fechada<\/p><div class=\"forspan\"><span class=\"zoom\"><\/span><\/div><\/article><\/a><\/div><\/div><div style=\"width:160px; height:160px;\" class=\"view da-thumbs\"><div class=\"iehand\"><a class=\"172-62\" rel=\"easymedia[grid]\" href=\"https:\/\/costabellabrasil.com.br\/wp-content\/uploads\/2023\/10\/20.jpg\"><img decoding=\"async\" src=\"https:\/\/costabellabrasil.com.br\/wp-content\/uploads\/2023\/10\/20-160x160.jpg\" alt=\"20\" \/><article class=\"da-animate da-slideFromRight\"><p  class=\"emgfittext\">Cozinha Ampla<\/p><div class=\"forspan\"><span class=\"zoom\"><\/span><\/div><\/article><\/a><\/div><\/div><div style=\"width:160px; height:160px;\" class=\"view da-thumbs\"><div class=\"iehand\"><a class=\"172-75\" rel=\"easymedia[grid]\" href=\"https:\/\/costabellabrasil.com.br\/wp-content\/uploads\/2023\/10\/14.jpg\"><img decoding=\"async\" src=\"https:\/\/costabellabrasil.com.br\/wp-content\/uploads\/2023\/10\/14-160x160.jpg\" alt=\"14\" \/><article class=\"da-animate da-slideFromRight\"><p  class=\"emgfittext\">Sala de Estar<\/p><div class=\"forspan\"><span class=\"zoom\"><\/span><\/div><\/article><\/a><\/div><\/div><div style=\"width:160px; height:160px;\" class=\"view da-thumbs\"><div class=\"iehand\"><a class=\"172-61\" rel=\"easymedia[grid]\" href=\"https:\/\/costabellabrasil.com.br\/wp-content\/uploads\/2023\/10\/19b.jpg\"><img decoding=\"async\" src=\"https:\/\/costabellabrasil.com.br\/wp-content\/uploads\/2023\/10\/19b-160x160.jpg\" alt=\"19b\" \/><article class=\"da-animate da-slideFromRight\"><p  class=\"emgfittext\">Varanda Fechada<\/p><div class=\"forspan\"><span class=\"zoom\"><\/span><\/div><\/article><\/a><\/div><\/div><div style=\"width:160px; height:160px;\" class=\"view da-thumbs\"><div class=\"iehand\"><a class=\"172-56\" rel=\"easymedia[grid]\" href=\"https:\/\/costabellabrasil.com.br\/wp-content\/uploads\/2023\/10\/15.jpg\"><img decoding=\"async\" src=\"https:\/\/costabellabrasil.com.br\/wp-content\/uploads\/2023\/10\/15-160x160.jpg\" alt=\"15\" \/><article class=\"da-animate da-slideFromRight\"><p  class=\"emgfittext\">Living\/Sala de Jantar<\/p><div class=\"forspan\"><span class=\"zoom\"><\/span><\/div><\/article><\/a><\/div><\/div><div style=\"width:160px; height:160px;\" class=\"view da-thumbs\"><div class=\"iehand\"><a class=\"172-44\" rel=\"easymedia[grid]\" href=\"https:\/\/costabellabrasil.com.br\/wp-content\/uploads\/2023\/10\/01.jpg\"><img decoding=\"async\" src=\"https:\/\/costabellabrasil.com.br\/wp-content\/uploads\/2023\/10\/01-160x160.jpg\" alt=\"01\" \/><article class=\"da-animate da-slideFromRight\"><p  class=\"emgfittext\">Su\u00edte Master<\/p><div class=\"forspan\"><span class=\"zoom\"><\/span><\/div><\/article><\/a><\/div><\/div><div style=\"width:160px; height:160px;\" class=\"view da-thumbs\"><div class=\"iehand\"><a class=\"172-47\" rel=\"easymedia[grid]\" href=\"https:\/\/costabellabrasil.com.br\/wp-content\/uploads\/2023\/10\/04.jpg\"><img decoding=\"async\" src=\"https:\/\/costabellabrasil.com.br\/wp-content\/uploads\/2023\/10\/04-160x160.jpg\" alt=\"04\" \/><article class=\"da-animate da-slideFromRight\"><p  class=\"emgfittext\">BWC Su\u00edte Master<\/p><div class=\"forspan\"><span class=\"zoom\"><\/span><\/div><\/article><\/a><\/div><\/div><div style=\"width:160px; height:160px;\" class=\"view da-thumbs\"><div class=\"iehand\"><a class=\"172-45\" rel=\"easymedia[grid]\" href=\"https:\/\/costabellabrasil.com.br\/wp-content\/uploads\/2023\/10\/02.jpg\"><img decoding=\"async\" src=\"https:\/\/costabellabrasil.com.br\/wp-content\/uploads\/2023\/10\/02-160x160.jpg\" alt=\"02\" \/><article class=\"da-animate da-slideFromRight\"><p  class=\"emgfittext\">Su\u00edte Master<\/p><div class=\"forspan\"><span class=\"zoom\"><\/span><\/div><\/article><\/a><\/div><\/div><div style=\"width:160px; height:160px;\" class=\"view da-thumbs\"><div class=\"iehand\"><a class=\"172-52\" rel=\"easymedia[grid]\" href=\"https:\/\/costabellabrasil.com.br\/wp-content\/uploads\/2023\/10\/09.jpg\"><img decoding=\"async\" src=\"https:\/\/costabellabrasil.com.br\/wp-content\/uploads\/2023\/10\/09-160x160.jpg\" alt=\"09\" \/><article class=\"da-animate da-slideFromRight\"><p  class=\"emgfittext\">Su\u00edte J\u00fanior<\/p><div class=\"forspan\"><span class=\"zoom\"><\/span><\/div><\/article><\/a><\/div><\/div><div style=\"width:160px; height:160px;\" class=\"view da-thumbs\"><div class=\"iehand\"><a class=\"172-54\" rel=\"easymedia[grid]\" href=\"https:\/\/costabellabrasil.com.br\/wp-content\/uploads\/2023\/10\/11.jpg\"><img decoding=\"async\" src=\"https:\/\/costabellabrasil.com.br\/wp-content\/uploads\/2023\/10\/11-160x160.jpg\" alt=\"11\" \/><article class=\"da-animate da-slideFromRight\"><p  class=\"emgfittext\">Quarto<\/p><div class=\"forspan\"><span class=\"zoom\"><\/span><\/div><\/article><\/a><\/div><\/div><div style=\"width:160px; height:160px;\" class=\"view da-thumbs\"><div class=\"iehand\"><a class=\"172-49\" rel=\"easymedia[grid]\" href=\"https:\/\/costabellabrasil.com.br\/wp-content\/uploads\/2023\/10\/06.jpg\"><img decoding=\"async\" src=\"https:\/\/costabellabrasil.com.br\/wp-content\/uploads\/2023\/10\/06-160x160.jpg\" alt=\"06\" \/><article class=\"da-animate da-slideFromRight\"><p  class=\"emgfittext\">Quarto\/Escrit\u00f3rio<\/p><div class=\"forspan\"><span class=\"zoom\"><\/span><\/div><\/article><\/a><\/div><\/div><div style=\"width:160px; height:160px;\" class=\"view da-thumbs\"><div class=\"iehand\"><a class=\"172-59\" rel=\"easymedia[grid]\" href=\"https:\/\/costabellabrasil.com.br\/wp-content\/uploads\/2023\/10\/18.jpg\"><img decoding=\"async\" src=\"https:\/\/costabellabrasil.com.br\/wp-content\/uploads\/2023\/10\/18-160x160.jpg\" alt=\"18\" \/><article class=\"da-animate da-slideFromRight\"><p  class=\"emgfittext\">Lavabo<\/p><div class=\"forspan\"><span class=\"zoom\"><\/span><\/div><\/article><\/a><\/div><\/div><div style=\"width:160px; height:160px;\" class=\"view da-thumbs\"><div class=\"iehand\"><a class=\"172-69\" rel=\"easymedia[grid]\" href=\"https:\/\/costabellabrasil.com.br\/wp-content\/uploads\/2023\/10\/30.jpg\"><img decoding=\"async\" src=\"https:\/\/costabellabrasil.com.br\/wp-content\/uploads\/2023\/10\/30-160x160.jpg\" alt=\"30\" \/><article class=\"da-animate da-slideFromRight\"><p  class=\"emgfittext\">Espa\u00e7o Fitness<\/p><div class=\"forspan\"><span class=\"zoom\"><\/span><\/div><\/article><\/a><\/div><\/div>\r\n<div style=\"clear:both;\"><\/div><\/div><\/div><\/div><style>\/*Dynamic CSS - By GhozyLab*\/.view {margin-bottom:12px; margin-right:6px; margin-left:6px;}.da-thumbs article.da-animate p{color:#C7C7C7 !important;}span.link_post, span.zoom, span.zooma {background-color:#474747;}.da-thumbs article.da-animate {cursor: pointer;}.view,.view img,.da-thumbs,.da-thumbs article.da-animate {border-radius:3px;}.view {border: 5px solid rgba(229,231,232,1);}.view {-webkit-box-shadow: 1px 1px 3px #4A4A4A; -moz-box-shadow: 1px 1px 3px #4A4A4A; box-shadow: 1px 1px 3px #4A4A4A;}#mbOverlay {background: url(https:\/\/costabellabrasil.com.br\/wp-content\/plugins\/easy-media-gallery\/css\/images\/patterns\/pattern-01.png); background-repeat: repeat;}.da-thumbs article.da-animate p { background: rgba(0,0,0,0.5) !important;}.da-thumbs article{position: absolute; background: rgba(0,0,0,0.4); background-repeat:repeat; width: 100%; height: 100%;}span.zoom{background-image:url(https:\/\/costabellabrasil.com.br\/wp-content\/plugins\/easy-media-gallery\/css\/images\/magnify\/Icon-0.png); background-repeat:no-repeat; background-position:center;}<\/style>\n\n\n<p>A su\u00edte master (17,52 m\u00b2), completa com closet &#8220;ele e ela&#8221; (6,25 m\u00b2 ) e banheiro (9,92 m\u00b2) com hidromassagem e chuveiro separados, garantem a privacidade do casal. A su\u00edte junior (12,61 m\u00b2) e o 3\u00ba e 4\u00ba quartos (12,61 m\u00b2 e 11,99 m\u00b2)&nbsp; possuem arm\u00e1rios embutidos e todos os banheiros (su\u00edte junior 3,48 m\u00b2 e social 5,76 m\u00b2) s\u00e3o mobiliados com arm\u00e1rios embutidos, tampos de granito e Box Blindex.<\/p>\n\n\n\n<p>No apartamento, toda a parte intima e social \u00e9 coberta com piso de madeira de t\u00e1bua corrida sendo de cer\u00e2mica o acabamento dos banheiros, varanda, cozinha e \u00e1rea de servi\u00e7o.<\/p>\n\n\n\n<p>A cozinha (19,66 m\u00b2) ampla e ensolarada, possui tampos de granito e mesa perfeita para uma refei\u00e7\u00e3o gourmet ou um lanche r\u00e1pido. Adjacente a cozinha, fica a lavanderia e despensa (15,07 m\u00b2), e a depend\u00eancia de empregada (7,03 m\u00b2). A depend\u00eancia \u00e9 mobiliada com arm\u00e1rio e tem a privacidade do banheiro de servi\u00e7o (2,20 m\u00b2).<\/p>\n\n\n\n<p>Entre a cozinha e a parte \u00edntima do apartamento, fica a sala de estar (17,88 m\u00b2). Este estar \u00edntimo possui arm\u00e1rio\/estante TV embutido, j\u00e1 estruturado para sistema de som surround.<\/p>\n\n\n\n<p>O amplo living\/sala de jantar e varanda fechada, oferece 60,71 m\u00b2 de conforto onde comer, relaxar, e entreter. O lavabo (2,55 m\u00b2), adjacente a entrada d\u00e1 apoio a esta \u00e1rea.<\/p>\n\n\n\n<p>O apartamento tem duas vagas livre de garagem e dep\u00f3sito individual.<\/p>\n\n\n\n<p>O condom\u00ednio oferece portaria 24h e hall de entrada com dois ambientes e sala de reuni\u00f5es. O sal\u00e3o de festas \u00e9 totalmente equipado e mobiliado com cozinha gourmet e capacidade para at\u00e9 80 pessoas. O segundo sal\u00e3o de festas com churrasqueira a carv\u00e3o acomoda at\u00e9 40 pessoas. Um amplo espa\u00e7o fitness muito bem equipado, permite aos moradores manter a atividade f\u00edsica no conforto de casa. Uma ampla \u00e1rea externa com playground e jardins completa as amenidades oferecidas.<\/p>\n\n\n\n<figure class=\"wp-block-image size-full\"><img loading=\"lazy\" decoding=\"async\" width=\"750\" height=\"415\" src=\"http:\/\/costabellabrasil.com.br\/wp-content\/uploads\/2023\/10\/planta.png\" alt=\"\" class=\"wp-image-73\" srcset=\"https:\/\/costabellabrasil.com.br\/wp-content\/uploads\/2023\/10\/planta.png 750w, https:\/\/costabellabrasil.com.br\/wp-content\/uploads\/2023\/10\/planta-300x166.png 300w\" sizes=\"auto, (max-width: 750px) 100vw, 750px\" \/><\/figure>\n","protected":false},"excerpt":{"rendered":"<p>Lindo apartamento com vista para avenida arborizada, em localiza\u00e7\u00e3o privilegiada no Centro de Florian\u00f3polis. O Edif\u00edcio com apenas 24 apartamentos \u00e9 revestido em cer\u00e2mica e foi recentemente remodelado e redecorado. A planta arquitet\u00f4nica do apartamento, com \u00e1rea privativa de 266 m\u00b2, inclui 4 quartos espa\u00e7osos, sendo duas su\u00edtes, 3 banheiros completos, estar \u00edntimo e uma [&hellip;]<\/p>\n","protected":false},"author":1,"featured_media":0,"parent":0,"menu_order":0,"comment_status":"closed","ping_status":"closed","template":"","meta":{"footnotes":""},"class_list":["post-81","page","type-page","status-publish","hentry"],"_links":{"self":[{"href":"https:\/\/costabellabrasil.com.br\/index.php?rest_route=\/wp\/v2\/pages\/81","targetHints":{"allow":["GET"]}}],"collection":[{"href":"https:\/\/costabellabrasil.com.br\/index.php?rest_route=\/wp\/v2\/pages"}],"about":[{"href":"https:\/\/costabellabrasil.com.br\/index.php?rest_route=\/wp\/v2\/types\/page"}],"author":[{"embeddable":true,"href":"https:\/\/costabellabrasil.com.br\/index.php?rest_route=\/wp\/v2\/users\/1"}],"replies":[{"embeddable":true,"href":"https:\/\/costabellabrasil.com.br\/index.php?rest_route=%2Fwp%2Fv2%2Fcomments&post=81"}],"version-history":[{"count":9,"href":"https:\/\/costabellabrasil.com.br\/index.php?rest_route=\/wp\/v2\/pages\/81\/revisions"}],"predecessor-version":[{"id":184,"href":"https:\/\/costabellabrasil.com.br\/index.php?rest_route=\/wp\/v2\/pages\/81\/revisions\/184"}],"wp:attachment":[{"href":"https:\/\/costabellabrasil.com.br\/index.php?rest_route=%2Fwp%2Fv2%2Fmedia&parent=81"}],"curies":[{"name":"wp","href":"https:\/\/api.w.org\/{rel}","templated":true}]}}