{"id":2,"date":"2023-10-11T15:02:27","date_gmt":"2023-10-11T18:02:27","guid":{"rendered":"http:\/\/costabellabrasil.com.br\/?page_id=2"},"modified":"2023-10-20T10:25:01","modified_gmt":"2023-10-20T13:25:01","slug":"home","status":"publish","type":"page","link":"https:\/\/costabellabrasil.com.br\/","title":{"rendered":"Costabella Incorpora\u00e7\u00f5es"},"content":{"rendered":"\n<figure class=\"wp-block-image aligncenter\"><img loading=\"lazy\" decoding=\"async\" width=\"410\" height=\"250\" src=\"https:\/\/costabellabrasil.com.br\/wp-content\/uploads\/2023\/10\/missao_bg.jpg\" alt=\"\" class=\"wp-image-12\" srcset=\"https:\/\/costabellabrasil.com.br\/wp-content\/uploads\/2023\/10\/missao_bg.jpg 410w, https:\/\/costabellabrasil.com.br\/wp-content\/uploads\/2023\/10\/missao_bg-300x183.jpg 300w\" sizes=\"auto, (max-width: 410px) 100vw, 410px\" \/><\/figure>\n\n\n\n<p>A COSTABELLA INCORPORA\u00c7\u00d5ES LTDA. \u00e9 uma empresa criada para atender o mercado de incorpora\u00e7\u00e3o e constru\u00e7\u00e3o de edif\u00edcios urbanos de alta qualidade, feitos para durar por gera\u00e7\u00f5es.<\/p>\n\n\n\n<p>A equipe t\u00e9cnica e administrativa consolida experi\u00eancia profissional de mais de tr\u00eas d\u00e9cadas de atua\u00e7\u00e3o com edif\u00edcios para uso comercial, residencial, obras p\u00fablicas e pr\u00e9dios industriais.<\/p>\n\n\n\n<p class=\"has-vivid-cyan-blue-color has-base-background-color has-text-color has-background\"><mark style=\"background-color:#ffffff\" class=\"has-inline-color has-contrast-color\"><em>O compromisso da Costabella com seus clientes \u00e9 construir conforto, como ambiente prop\u00edcio \u00e0 vida saud\u00e1vel e mais feliz, em harmoniosa parceria com a natureza.<\/em><\/mark><\/p>\n\n\n\n<p>O objetivo maior da Costabella \u00e9 realizar o sonho de habita\u00e7\u00e3o dos seus clientes oferecendo obras de arte \u2013 para resid\u00eancia ou trabalho \u2013 compat\u00edveis com a beleza da cidade de Florian\u00f3polis.<\/p>\n\n\n\n<p>Entender e interpretar estes sonhos, convert\u00ea-los em projetos exequ\u00edveis, aplicar a melhor tecnologia construtiva dispon\u00edvel, \u00e9 o que torna o investimento em um im\u00f3vel Costabella uma op\u00e7\u00e3o segura e agregadora de valor.<\/p>\n\n\n\n<p>Compare e surpreenda-se com a superioridade dos produtos Costabella.<\/p>\n","protected":false},"excerpt":{"rendered":"<p>A COSTABELLA INCORPORA\u00c7\u00d5ES LTDA. \u00e9 uma empresa criada para atender o mercado de incorpora\u00e7\u00e3o e constru\u00e7\u00e3o de edif\u00edcios urbanos de alta qualidade, feitos para durar por gera\u00e7\u00f5es. A equipe t\u00e9cnica e administrativa consolida experi\u00eancia profissional de mais de tr\u00eas d\u00e9cadas de atua\u00e7\u00e3o com edif\u00edcios para uso comercial, residencial, obras p\u00fablicas e pr\u00e9dios industriais. O compromisso [&hellip;]<\/p>\n","protected":false},"author":1,"featured_media":0,"parent":0,"menu_order":0,"comment_status":"closed","ping_status":"closed","template":"","meta":{"footnotes":""},"class_list":["post-2","page","type-page","status-publish","hentry"],"_links":{"self":[{"href":"https:\/\/costabellabrasil.com.br\/index.php?rest_route=\/wp\/v2\/pages\/2","targetHints":{"allow":["GET"]}}],"collection":[{"href":"https:\/\/costabellabrasil.com.br\/index.php?rest_route=\/wp\/v2\/pages"}],"about":[{"href":"https:\/\/costabellabrasil.com.br\/index.php?rest_route=\/wp\/v2\/types\/page"}],"author":[{"embeddable":true,"href":"https:\/\/costabellabrasil.com.br\/index.php?rest_route=\/wp\/v2\/users\/1"}],"replies":[{"embeddable":true,"href":"https:\/\/costabellabrasil.com.br\/index.php?rest_route=%2Fwp%2Fv2%2Fcomments&post=2"}],"version-history":[{"count":6,"href":"https:\/\/costabellabrasil.com.br\/index.php?rest_route=\/wp\/v2\/pages\/2\/revisions"}],"predecessor-version":[{"id":41,"href":"https:\/\/costabellabrasil.com.br\/index.php?rest_route=\/wp\/v2\/pages\/2\/revisions\/41"}],"wp:attachment":[{"href":"https:\/\/costabellabrasil.com.br\/index.php?rest_route=%2Fwp%2Fv2%2Fmedia&parent=2"}],"curies":[{"name":"wp","href":"https:\/\/api.w.org\/{rel}","templated":true}]}}