{"id":149,"date":"2023-10-20T17:14:20","date_gmt":"2023-10-20T20:14:20","guid":{"rendered":"https:\/\/costabellabrasil.com.br\/?page_id=149"},"modified":"2023-10-20T17:27:05","modified_gmt":"2023-10-20T20:27:05","slug":"imoveis-a-venda","status":"publish","type":"page","link":"https:\/\/costabellabrasil.com.br\/?page_id=149","title":{"rendered":"Im\u00f3veis \u00e0 Venda"},"content":{"rendered":"\n<ul class=\"wp-block-list\">\n<li><a href=\"https:\/\/costabellabrasil.com.br\/?page_id=81\" data-type=\"page\" data-id=\"81\">Apartamento Amplo no Centro<\/a><br>4 dormit\u00f3rios (2 su\u00edtes), 393 m\u00b2<br> <\/li>\n\n\n\n<li><a href=\"https:\/\/costabellabrasil.com.br\/?page_id=146\" data-type=\"page\" data-id=\"146\">Apartamento no Jo\u00e3o Paulo<\/a><br>3 dormit\u00f3rios (1 su\u00edte), \u00daltimo andar, 130 m\u00b2 \u00e1rea privativa (265 m\u00b2 total)<\/li>\n<\/ul>\n\n\n\n<p><\/p>\n","protected":false},"excerpt":{"rendered":"","protected":false},"author":1,"featured_media":0,"parent":0,"menu_order":0,"comment_status":"closed","ping_status":"closed","template":"","meta":{"footnotes":""},"class_list":["post-149","page","type-page","status-publish","hentry"],"_links":{"self":[{"href":"https:\/\/costabellabrasil.com.br\/index.php?rest_route=\/wp\/v2\/pages\/149","targetHints":{"allow":["GET"]}}],"collection":[{"href":"https:\/\/costabellabrasil.com.br\/index.php?rest_route=\/wp\/v2\/pages"}],"about":[{"href":"https:\/\/costabellabrasil.com.br\/index.php?rest_route=\/wp\/v2\/types\/page"}],"author":[{"embeddable":true,"href":"https:\/\/costabellabrasil.com.br\/index.php?rest_route=\/wp\/v2\/users\/1"}],"replies":[{"embeddable":true,"href":"https:\/\/costabellabrasil.com.br\/index.php?rest_route=%2Fwp%2Fv2%2Fcomments&post=149"}],"version-history":[{"count":4,"href":"https:\/\/costabellabrasil.com.br\/index.php?rest_route=\/wp\/v2\/pages\/149\/revisions"}],"predecessor-version":[{"id":156,"href":"https:\/\/costabellabrasil.com.br\/index.php?rest_route=\/wp\/v2\/pages\/149\/revisions\/156"}],"wp:attachment":[{"href":"https:\/\/costabellabrasil.com.br\/index.php?rest_route=%2Fwp%2Fv2%2Fmedia&parent=149"}],"curies":[{"name":"wp","href":"https:\/\/api.w.org\/{rel}","templated":true}]}}